{"id":7647,"date":"2022-09-01T16:32:19","date_gmt":"2022-09-01T14:32:19","guid":{"rendered":"https:\/\/got.am\/?page_id=7647"},"modified":"2025-07-29T09:45:46","modified_gmt":"2025-07-29T07:45:46","slug":"marcocattaneo","status":"publish","type":"page","link":"https:\/\/got.am\/es\/marcocattaneo\/","title":{"rendered":"Marco Cattaneo GOTAM"},"content":{"rendered":"\n<div style=\"height:25px\" aria-hidden=\"true\" class=\"wp-block-spacer\"><\/div>\n\n\n\n<p>Durante diecinueve a\u00f1os se dedic\u00f3 a ense\u00f1ar disciplinas que consideraba esenciales en su camino de evoluci\u00f3n personal, como la Psicolog\u00eda, el Reiki Usui, la Meditaci\u00f3n y la Conciencia Emocional.<\/p>\n\n\n\n<p>Tras haber ofrecido 160 seminarios intensivos, 250 talleres breves y acompa\u00f1ado a personas en m\u00e1s de 5.400 sesiones individuales, en 2024 dej\u00f3 Italia por segunda vez y decidi\u00f3 continuar su camino centrado exclusivamente en la b\u00fasqueda interior.<\/p>\n\n\n\n<div style=\"height:25px\" aria-hidden=\"true\" class=\"wp-block-spacer\"><\/div>\n\n\n\n<div class=\"wp-block-buttons is-content-justification-center is-layout-flex wp-container-core-buttons-is-layout-16018d1d wp-block-buttons-is-layout-flex\">\n<div class=\"wp-block-button\"><a class=\"wp-block-button__link has-background wp-element-button\" href=\"https:\/\/amzn.to\/3cyKdHX\" style=\"background-color:#45aab8\">Descubre sus libros<\/a><\/div>\n<\/div>\n\n\n\n<div style=\"height:50px\" aria-hidden=\"true\" class=\"wp-block-spacer\"><\/div>\n","protected":false},"excerpt":{"rendered":"<p>Durante diecinueve a\u00f1os se dedic\u00f3 a ense\u00f1ar disciplinas que consideraba esenciales en su camino de evoluci\u00f3n personal, como la Psicolog\u00eda, el Reiki Usui, la Meditaci\u00f3n y la Conciencia Emocional. Tras haber ofrecido 160 seminarios intensivos, 250 talleres breves y acompa\u00f1ado a personas en m\u00e1s de 5.400 sesiones individuales, en 2024 dej\u00f3 Italia por segunda vez [&hellip;]<\/p>\n","protected":false},"author":1,"featured_media":0,"parent":0,"menu_order":1,"comment_status":"closed","ping_status":"closed","template":"","meta":{"footnotes":""},"class_list":["post-7647","page","type-page","status-publish","hentry","odd"],"acf":[],"_links":{"self":[{"href":"https:\/\/got.am\/es\/wp-json\/wp\/v2\/pages\/7647","targetHints":{"allow":["GET"]}}],"collection":[{"href":"https:\/\/got.am\/es\/wp-json\/wp\/v2\/pages"}],"about":[{"href":"https:\/\/got.am\/es\/wp-json\/wp\/v2\/types\/page"}],"author":[{"embeddable":true,"href":"https:\/\/got.am\/es\/wp-json\/wp\/v2\/users\/1"}],"replies":[{"embeddable":true,"href":"https:\/\/got.am\/es\/wp-json\/wp\/v2\/comments?post=7647"}],"version-history":[{"count":97,"href":"https:\/\/got.am\/es\/wp-json\/wp\/v2\/pages\/7647\/revisions"}],"predecessor-version":[{"id":9156,"href":"https:\/\/got.am\/es\/wp-json\/wp\/v2\/pages\/7647\/revisions\/9156"}],"wp:attachment":[{"href":"https:\/\/got.am\/es\/wp-json\/wp\/v2\/media?parent=7647"}],"curies":[{"name":"wp","href":"https:\/\/api.w.org\/{rel}","templated":true}]}}